{"id":1867,"date":"2020-06-25T09:35:07","date_gmt":"2020-06-25T07:35:07","guid":{"rendered":"https:\/\/copelectronic.com\/mentions-legales\/"},"modified":"2026-04-08T10:39:38","modified_gmt":"2026-04-08T08:39:38","slug":"legal-notice","status":"publish","type":"page","link":"https:\/\/copelectronic.com\/en\/legal-notice\/","title":{"rendered":"Legal notice"},"content":{"rendered":"<p>[et_pb_section fb_built=&#8221;1&#8243; _builder_version=&#8221;4.16&#8243; background_color=&#8221;#000000&#8243; background_image=&#8221;https:\/\/copelectronic.com\/wp-content\/uploads\/2020\/06\/slide-histoiredate-cop.jpg&#8221; global_colors_info=&#8221;{}&#8221;][et_pb_row _builder_version=&#8221;4.16&#8243; global_colors_info=&#8221;{}&#8221;][et_pb_column type=&#8221;4_4&#8243; _builder_version=&#8221;4.16&#8243; global_colors_info=&#8221;{}&#8221;][et_pb_text _builder_version=&#8221;4.16&#8243; header_font=&#8221;Anton||||||||&#8221; header_text_color=&#8221;#FFFFFF&#8221; header_font_size=&#8221;3em&#8221; header_letter_spacing=&#8221;4px&#8221; header_font_size_tablet=&#8221;&#8221; header_font_size_phone=&#8221;&#8221; header_font_size_last_edited=&#8221;on|desktop&#8221; global_colors_info=&#8221;{}&#8221;]<\/p>\n<h1><span>Legal notice<\/span><\/h1>\n<p>[\/et_pb_text][\/et_pb_column][\/et_pb_row][\/et_pb_section][et_pb_section fb_built=&#8221;1&#8243; module_id=&#8221;histoire&#8221; module_class=&#8221;histoire-ligne&#8221; _builder_version=&#8221;4.16&#8243; custom_margin=&#8221;4%||||false|false&#8221; custom_margin_tablet=&#8221;&#8221; custom_margin_phone=&#8221;&#8221; custom_margin_last_edited=&#8221;on|phone&#8221; custom_padding=&#8221;0em||0em||false|false&#8221; global_colors_info=&#8221;{}&#8221;][et_pb_row use_custom_gutter=&#8221;on&#8221; gutter_width=&#8221;1&#8243; make_equal=&#8221;on&#8221; _builder_version=&#8221;4.16&#8243; width=&#8221;100%&#8221; custom_padding=&#8221;0em||0em||true|false&#8221; global_colors_info=&#8221;{}&#8221;][et_pb_column type=&#8221;4_4&#8243; _builder_version=&#8221;4.16&#8243; global_colors_info=&#8221;{}&#8221;][et_pb_text _builder_version=&#8221;4.27.6&#8243; text_font=&#8221;Roboto|300|||||||&#8221; text_text_color=&#8221;#16303d&#8221; text_orientation=&#8221;justified&#8221; width=&#8221;80%&#8221; module_alignment=&#8221;center&#8221; custom_margin=&#8221;2em||||false|false&#8221; hover_enabled=&#8221;0&#8243; text_orientation_tablet=&#8221;&#8221; text_orientation_phone=&#8221;&#8221; text_orientation_last_edited=&#8221;on|desktop&#8221; global_colors_info=&#8221;{}&#8221; sticky_enabled=&#8221;0&#8243;]<\/p>\n<p>&nbsp;<\/p>\n<p>6460Le site Internet copelectronic.com est la propri\u00e9t\u00e9 de la soci\u00e9t\u00e9 COPELECTRONIC dont le si\u00e8ge social est situ\u00e9 au 17 Avenue Bordaberri, 64990 Mouguerre, France, SIRET n\u00b0 33160596400047.<\/p>\n<p><strong>RESPONSABLES DU SITE<\/strong><\/p>\n<p>Copelectronic<br \/>Responsable \u00e9ditorial: Olivier Benelli, PDG<br \/>Responsable communication: Arnaud Decarne \u2013 Insitu http:\/\/insitu.fr\/<\/p>\n<p><strong>INFORMATIQUE ET LIBERT\u00c9S<\/strong><\/p>\n<p>Conform\u00e9ment aux dispositions de la loi n\u00b078-17 du 6 janvier 1978 modifi\u00e9e, les donn\u00e9es collect\u00e9es sont conserv\u00e9es pendant une dur\u00e9e qui n\u2019exc\u00e8de pas la dur\u00e9e n\u00e9cessaire aux finalit\u00e9s pour lesquelles elles sont collect\u00e9es et trait\u00e9es. L\u2019utilisateur dispose d\u2019un droit d\u2019acc\u00e8s, de rectification, d\u2019opposition et de suppression des donn\u00e9es qui le concernent.<br \/>S\u2019il souhaite exercer ces droits, il convient qu\u2019il s\u2019adresse \u00e0 la Soci\u00e9t\u00e9 COPELECTRONIC, soit par voie postale \u00e0 l\u2019adresse suivante : CENTRE EUROPEEN DE FRET, Avenue Bordaberri, 64990 Mouguerre, soit par l\u2019interm\u00e9diaire du courriel copelectronic@copelectronic.com<\/p>\n<p><strong>CONCEPTION ET D\u00c9VELOPPEMENT<\/strong><\/p>\n<p>MAK2COM Agence de communication<br \/>4 rue Louis Colas<br \/>64600 Anglet<br \/>05 59 03 60 57<br \/><a href=\"https:\/\/www.mak2com.fr\">www.mak2com.fr<\/a><\/p>\n<p><strong>H\u00c9BERGEMENT<\/strong><\/p>\n<p>L\u2019h\u00e9bergeur du Site Internet est la soci\u00e9t\u00e9 : OVH \u2013 2 rue Kellermann \u2013 59100 Roubaix \u2013 France https:\/\/www.ovh.com\/fr\/<\/p>\n<p><strong>CR\u00c9DITS PHOTOS<\/strong><\/p>\n<p>Copelectronic.<\/p>\n<p>Emmanuel LATTES &#8211; Photographe<br \/>06 52 07 93 25<br \/><a href=\"https:\/\/www.emmanuel-lattes.com\">www.emmanuel-lattes.com<\/a><\/p>\n<p><strong>LES COOKIES<\/strong><\/p>\n<p>Les cookies sont de petits fichiers de texte qui contiennent une chaine de caract\u00e8res et qui peuvent \u00eatre plac\u00e9s sur votre ordinateur ou sur votre dispositif mobile dans le seul but d\u2019identifier votre navigateur ou votre dispositif.<\/p>\n<p>Les cookies nous permettent de savoir que votre dispositif mobile ou votre ordinateur a acc\u00e9d\u00e9 \u00e0 ce site ou service auparavant. Ils permettent donc d\u2019\u00eatre employ\u00e9s pour essayer de comprendre comment le service ou le site est utilis\u00e9, pour vous donner la possibilit\u00e9 de naviguer entre les pages plus rapidement en m\u00e9morisant vos pr\u00e9f\u00e9rences, et globalement, ils permettent de faciliter votre navigation.<\/p>\n<p>Les informations collect\u00e9es par ce biais ne seront utilis\u00e9es que pour suivre le volume, le type et la configuration du trafic utilisant ce site, pour en d\u00e9velopper la conception et l\u2019agencement et \u00e0 d\u2019autres fins administratives et de planification et plus g\u00e9n\u00e9ralement pour am\u00e9liorer le service que nous vous offrons.<\/p>\n<p>Une fois accept\u00e9, la dur\u00e9e de validit\u00e9 de ce consentement est de 13 mois maximum.<\/p>\n<p><strong>DROITS D\u2019AUTEUR<\/strong><\/p>\n<p>La reproduction ou repr\u00e9sentation, int\u00e9grale ou partielle, des pages, des donn\u00e9es et de tout autre \u00e9l\u00e9ment constitutif au site, par quelque proc\u00e9d\u00e9 ou support que ce soit, est interdite et constitue sans autorisation de l\u2019\u00e9diteur une contrefa\u00e7on.<\/p>\n<p>[\/et_pb_text][\/et_pb_column][\/et_pb_row][\/et_pb_section]<\/p>\n","protected":false},"excerpt":{"rendered":"<p>Legal notice&nbsp; 6460Le site Internet copelectronic.com est la propri\u00e9t\u00e9 de la soci\u00e9t\u00e9 COPELECTRONIC dont le si\u00e8ge social est situ\u00e9 au 17 Avenue Bordaberri, 64990 Mouguerre, France, SIRET n\u00b0 33160596400047. RESPONSABLES DU SITE CopelectronicResponsable \u00e9ditorial: Olivier Benelli, PDGResponsable communication: Arnaud Decarne \u2013 Insitu http:\/\/insitu.fr\/ INFORMATIQUE ET LIBERT\u00c9S Conform\u00e9ment aux dispositions de la loi n\u00b078-17 du 6 [&hellip;]<\/p>\n","protected":false},"author":1,"featured_media":0,"parent":0,"menu_order":0,"comment_status":"closed","ping_status":"closed","template":"","meta":{"_et_pb_use_builder":"on","_et_pb_old_content":"","_et_gb_content_width":"","footnotes":""},"class_list":["post-1867","page","type-page","status-publish","hentry"],"yoast_head":"<!-- This site is optimized with the Yoast SEO plugin v27.3 - https:\/\/yoast.com\/product\/yoast-seo-wordpress\/ -->\n<title>Legal notice - Copelectronic<\/title>\n<meta name=\"robots\" content=\"index, follow, max-snippet:-1, max-image-preview:large, max-video-preview:-1\" \/>\n<link rel=\"canonical\" href=\"https:\/\/copelectronic.com\/en\/legal-notice\/\" \/>\n<meta property=\"og:locale\" content=\"en_US\" \/>\n<meta property=\"og:type\" content=\"article\" \/>\n<meta property=\"og:title\" content=\"Legal notice - Copelectronic\" \/>\n<meta property=\"og:description\" content=\"Legal notice&nbsp; 6460Le site Internet copelectronic.com est la propri\u00e9t\u00e9 de la soci\u00e9t\u00e9 COPELECTRONIC dont le si\u00e8ge social est situ\u00e9 au 17 Avenue Bordaberri, 64990 Mouguerre, France, SIRET n\u00b0 33160596400047. RESPONSABLES DU SITE CopelectronicResponsable \u00e9ditorial: Olivier Benelli, PDGResponsable communication: Arnaud Decarne \u2013 Insitu http:\/\/insitu.fr\/ INFORMATIQUE ET LIBERT\u00c9S Conform\u00e9ment aux dispositions de la loi n\u00b078-17 du 6 [&hellip;]\" \/>\n<meta property=\"og:url\" content=\"https:\/\/copelectronic.com\/en\/legal-notice\/\" \/>\n<meta property=\"og:site_name\" content=\"Copelectronic\" \/>\n<meta property=\"article:modified_time\" content=\"2026-04-08T08:39:38+00:00\" \/>\n<meta name=\"twitter:card\" content=\"summary_large_image\" \/>\n<meta name=\"twitter:label1\" content=\"Est. reading time\" \/>\n\t<meta name=\"twitter:data1\" content=\"3 minutes\" \/>\n<script type=\"application\/ld+json\" class=\"yoast-schema-graph\">{\"@context\":\"https:\\\/\\\/schema.org\",\"@graph\":[{\"@type\":\"WebPage\",\"@id\":\"https:\\\/\\\/copelectronic.com\\\/en\\\/legal-notice\\\/\",\"url\":\"https:\\\/\\\/copelectronic.com\\\/en\\\/legal-notice\\\/\",\"name\":\"Legal notice - Copelectronic\",\"isPartOf\":{\"@id\":\"https:\\\/\\\/copelectronic.com\\\/#website\"},\"datePublished\":\"2020-06-25T07:35:07+00:00\",\"dateModified\":\"2026-04-08T08:39:38+00:00\",\"breadcrumb\":{\"@id\":\"https:\\\/\\\/copelectronic.com\\\/en\\\/legal-notice\\\/#breadcrumb\"},\"inLanguage\":\"en-US\",\"potentialAction\":[{\"@type\":\"ReadAction\",\"target\":[\"https:\\\/\\\/copelectronic.com\\\/en\\\/legal-notice\\\/\"]}]},{\"@type\":\"BreadcrumbList\",\"@id\":\"https:\\\/\\\/copelectronic.com\\\/en\\\/legal-notice\\\/#breadcrumb\",\"itemListElement\":[{\"@type\":\"ListItem\",\"position\":1,\"name\":\"Accueil\",\"item\":\"https:\\\/\\\/copelectronic.com\\\/en\\\/\"},{\"@type\":\"ListItem\",\"position\":2,\"name\":\"Legal notice\"}]},{\"@type\":\"WebSite\",\"@id\":\"https:\\\/\\\/copelectronic.com\\\/#website\",\"url\":\"https:\\\/\\\/copelectronic.com\\\/\",\"name\":\"Copelectronic\",\"description\":\"Un site utilisant WordPress\",\"potentialAction\":[{\"@type\":\"SearchAction\",\"target\":{\"@type\":\"EntryPoint\",\"urlTemplate\":\"https:\\\/\\\/copelectronic.com\\\/?s={search_term_string}\"},\"query-input\":{\"@type\":\"PropertyValueSpecification\",\"valueRequired\":true,\"valueName\":\"search_term_string\"}}],\"inLanguage\":\"en-US\"}]}<\/script>\n<!-- \/ Yoast SEO plugin. -->","yoast_head_json":{"title":"Legal notice - Copelectronic","robots":{"index":"index","follow":"follow","max-snippet":"max-snippet:-1","max-image-preview":"max-image-preview:large","max-video-preview":"max-video-preview:-1"},"canonical":"https:\/\/copelectronic.com\/en\/legal-notice\/","og_locale":"en_US","og_type":"article","og_title":"Legal notice - Copelectronic","og_description":"Legal notice&nbsp; 6460Le site Internet copelectronic.com est la propri\u00e9t\u00e9 de la soci\u00e9t\u00e9 COPELECTRONIC dont le si\u00e8ge social est situ\u00e9 au 17 Avenue Bordaberri, 64990 Mouguerre, France, SIRET n\u00b0 33160596400047. RESPONSABLES DU SITE CopelectronicResponsable \u00e9ditorial: Olivier Benelli, PDGResponsable communication: Arnaud Decarne \u2013 Insitu http:\/\/insitu.fr\/ INFORMATIQUE ET LIBERT\u00c9S Conform\u00e9ment aux dispositions de la loi n\u00b078-17 du 6 [&hellip;]","og_url":"https:\/\/copelectronic.com\/en\/legal-notice\/","og_site_name":"Copelectronic","article_modified_time":"2026-04-08T08:39:38+00:00","twitter_card":"summary_large_image","twitter_misc":{"Est. reading time":"3 minutes"},"schema":{"@context":"https:\/\/schema.org","@graph":[{"@type":"WebPage","@id":"https:\/\/copelectronic.com\/en\/legal-notice\/","url":"https:\/\/copelectronic.com\/en\/legal-notice\/","name":"Legal notice - Copelectronic","isPartOf":{"@id":"https:\/\/copelectronic.com\/#website"},"datePublished":"2020-06-25T07:35:07+00:00","dateModified":"2026-04-08T08:39:38+00:00","breadcrumb":{"@id":"https:\/\/copelectronic.com\/en\/legal-notice\/#breadcrumb"},"inLanguage":"en-US","potentialAction":[{"@type":"ReadAction","target":["https:\/\/copelectronic.com\/en\/legal-notice\/"]}]},{"@type":"BreadcrumbList","@id":"https:\/\/copelectronic.com\/en\/legal-notice\/#breadcrumb","itemListElement":[{"@type":"ListItem","position":1,"name":"Accueil","item":"https:\/\/copelectronic.com\/en\/"},{"@type":"ListItem","position":2,"name":"Legal notice"}]},{"@type":"WebSite","@id":"https:\/\/copelectronic.com\/#website","url":"https:\/\/copelectronic.com\/","name":"Copelectronic","description":"Un site utilisant WordPress","potentialAction":[{"@type":"SearchAction","target":{"@type":"EntryPoint","urlTemplate":"https:\/\/copelectronic.com\/?s={search_term_string}"},"query-input":{"@type":"PropertyValueSpecification","valueRequired":true,"valueName":"search_term_string"}}],"inLanguage":"en-US"}]}},"_links":{"self":[{"href":"https:\/\/copelectronic.com\/en\/wp-json\/wp\/v2\/pages\/1867","targetHints":{"allow":["GET"]}}],"collection":[{"href":"https:\/\/copelectronic.com\/en\/wp-json\/wp\/v2\/pages"}],"about":[{"href":"https:\/\/copelectronic.com\/en\/wp-json\/wp\/v2\/types\/page"}],"author":[{"embeddable":true,"href":"https:\/\/copelectronic.com\/en\/wp-json\/wp\/v2\/users\/1"}],"replies":[{"embeddable":true,"href":"https:\/\/copelectronic.com\/en\/wp-json\/wp\/v2\/comments?post=1867"}],"version-history":[{"count":4,"href":"https:\/\/copelectronic.com\/en\/wp-json\/wp\/v2\/pages\/1867\/revisions"}],"predecessor-version":[{"id":2833,"href":"https:\/\/copelectronic.com\/en\/wp-json\/wp\/v2\/pages\/1867\/revisions\/2833"}],"wp:attachment":[{"href":"https:\/\/copelectronic.com\/en\/wp-json\/wp\/v2\/media?parent=1867"}],"curies":[{"name":"wp","href":"https:\/\/api.w.org\/{rel}","templated":true}]}}