{"id":1965,"date":"2020-07-28T15:30:07","date_gmt":"2020-07-28T13:30:07","guid":{"rendered":"https:\/\/copelectronic.com\/?page_id=1965"},"modified":"2020-07-28T15:30:08","modified_gmt":"2020-07-28T13:30:08","slug":"privacy-policy","status":"publish","type":"page","link":"https:\/\/copelectronic.com\/en\/privacy-policy\/","title":{"rendered":"Privacy policy"},"content":{"rendered":"\n\n[et_pb_section fb_built=&#8221;1&#8243; _builder_version=&#8221;4.4.7&#8243; background_color=&#8221;#000000&#8243; background_image=&#8221;https:\/\/copelectronic.com\/wp-content\/uploads\/2020\/06\/slide-histoiredate-cop.jpg&#8221;][et_pb_row _builder_version=&#8221;4.4.7&#8243;][et_pb_column type=&#8221;4_4&#8243; _builder_version=&#8221;4.4.7&#8243;][et_pb_text _builder_version=&#8221;4.4.7&#8243; header_font=&#8221;Anton||||||||&#8221; header_text_color=&#8221;#FFFFFF&#8221; header_font_size=&#8221;3em&#8221; header_letter_spacing=&#8221;4px&#8221; header_font_size_tablet=&#8221;&#8221; header_font_size_phone=&#8221;&#8221; header_font_size_last_edited=&#8221;on|desktop&#8221;]\n<h1>Politique de\nconfidentialit\u00e9<\/h1>\n[\/et_pb_text][\/et_pb_column][\/et_pb_row][\/et_pb_section][et_pb_section fb_built=&#8221;1&#8243; module_id=&#8221;histoire&#8221; module_class=&#8221;histoire-ligne&#8221; _builder_version=&#8221;4.4.7&#8243; custom_margin=&#8221;4%||||false|false&#8221; custom_margin_tablet=&#8221;&#8221; custom_margin_phone=&#8221;&#8221; custom_margin_last_edited=&#8221;on|phone&#8221; custom_padding=&#8221;0em||0em||false|false&#8221;][et_pb_row use_custom_gutter=&#8221;on&#8221; gutter_width=&#8221;1&#8243; make_equal=&#8221;on&#8221; _builder_version=&#8221;4.4.7&#8243; width=&#8221;100%&#8221; custom_padding=&#8221;0em||0em||true|false&#8221;][et_pb_column type=&#8221;4_4&#8243; _builder_version=&#8221;4.4.7&#8243;][et_pb_text _builder_version=&#8221;4.4.7&#8243; text_font=&#8221;Roboto|300|||||||&#8221; text_text_color=&#8221;#16303d&#8221; text_orientation=&#8221;justified&#8221; width=&#8221;80%&#8221; module_alignment=&#8221;center&#8221; custom_margin=&#8221;2em||||false|false&#8221; hover_enabled=&#8221;0&#8243; text_orientation_tablet=&#8221;&#8221; text_orientation_phone=&#8221;&#8221; text_orientation_last_edited=&#8221;on|desktop&#8221;]\n\nCOPELECTRONIC s\u2019engage \u00e0 ce que la collecte et le traitement de vos donn\u00e9es, effectu\u00e9s \u00e0 partir du site https:\/\/www.copelectronic.com\/, soient conformes au r\u00e8glement g\u00e9n\u00e9ral sur la protection des donn\u00e9es (RGPD) et \u00e0 la loi Informatique et Libert\u00e9s.\n\nCette pr\u00e9sentation de notre politique de confidentialit\u00e9 vous informe de la mani\u00e8re dont la soci\u00e9t\u00e9 ESBH utilise et prot\u00e8ge les informations que vous nous transmettez, le cas \u00e9ch\u00e9ant, lorsque vous utilisez le pr\u00e9sent site accessible \u00e0 partir de l\u2019URL suivante : https:\/\/www.copelectronic.com\/ (ci-apr\u00e8s le \u00ab Site \u00bb).\n\n<strong>DONN\u00c9ES PERSONNELLES<\/strong>\n\nChaque formulaire ou t\u00e9l\u00e9service limite la collecte des donn\u00e9es personnelles au strict n\u00e9cessaire (minimisation des donn\u00e9es) et indique notamment :\n\nQuels sont les objectifs du recueil de ces donn\u00e9es (finalit\u00e9s) ;\nSi ces donn\u00e9es sont obligatoires ou facultatives pour la gestion de votre demande ;\nQui pourra en prendre connaissance (uniquement COPELECTRONIC en principe, sauf pr\u00e9cision dans le formulaire lorsqu\u2019une transmission \u00e0 un tiers est n\u00e9cessaire \u00e0 la gestion de votre demande) ;\nVos droits Informatique et Libert\u00e9s et la fa\u00e7on de les exercer aupr\u00e8s de la CNIL.\n\nLes donn\u00e9es personnelles recueillies dans le cadre des services propos\u00e9s sur https:\/\/www.copelectronic.com\/<a href=\"https:\/\/www.copelectronic.com\/\"><\/a> sont trait\u00e9es selon des protocoles s\u00e9curis\u00e9s et permettent \u00e0 la soci\u00e9t\u00e9 COPELECTRONIC de g\u00e9rer les demandes re\u00e7ues dans ses applications informatiques.\n\nPour toute information ou exercice de vos droits Informatique et Libert\u00e9s sur les traitements de donn\u00e9es personnelles g\u00e9r\u00e9s par la soci\u00e9t\u00e9 COPELECTRONIC vous pouvez contacter son d\u00e9l\u00e9gu\u00e9 \u00e0 la protection des donn\u00e9es (DPO) \/ son responsable des donn\u00e9es personnelles) par ce formulaire.\n\nou par courrier sign\u00e9 accompagn\u00e9 de la copie d\u2019un titre d\u2019identit\u00e9 \u00e0 l\u2019adresse suivante :\n\nCOPELECTRONIC\nCENTRE EUROP\u00c9EN DE FR\u00caT\nAvenue Bordabern\n64990 Mouguerre\nFRANCE\nTel : +33 (0)5 59 44 01 20\n\n<strong>DUR\u00c9E DE CONSERVATION<\/strong>\n\nDur\u00e9e d\u2019utilit\u00e9 administrative (DUA) applicables aux principales proc\u00e9dures g\u00e9r\u00e9es par la soci\u00e9t\u00e9 COPELECTRONIC;\n\nLa DUA couvre la dur\u00e9e de conservation en base active et en archives internes.\n\n<strong>PROC\u00c9DURE<\/strong>\n\nDUA des informations collect\u00e9es dans le cadre de la proc\u00e9dure\n\nEnvoi d\u2019un message par le formulaire de contact : 3 ans\n\n<strong>D\u00c9LAIS DE R\u00c9PONSE<\/strong>\n\nLa soci\u00e9t\u00e9 COPELECTRONIC s\u2019engage \u00e0 r\u00e9pondre \u00e0 votre demande d\u2019acc\u00e8s, de rectification ou d\u2019opposition ou toute autre demande compl\u00e9mentaire d\u2019informations dans un d\u00e9lai raisonnable qui ne saurait d\u00e9passer 1 mois \u00e0 compter de la r\u00e9ception de votre demande.\n\n[\/et_pb_text][\/et_pb_column][\/et_pb_row][\/et_pb_section]\n\n","protected":false},"excerpt":{"rendered":"<p>Politique de confidentialit\u00e9 COPELECTRONIC s\u2019engage \u00e0 ce que la collecte et le traitement de vos donn\u00e9es, effectu\u00e9s \u00e0 partir du site https:\/\/www.copelectronic.com\/, soient conformes au r\u00e8glement g\u00e9n\u00e9ral sur la protection des donn\u00e9es (RGPD) et \u00e0 la loi Informatique et Libert\u00e9s. Cette pr\u00e9sentation de notre politique de confidentialit\u00e9 vous informe de la mani\u00e8re dont la soci\u00e9t\u00e9 [&hellip;]<\/p>\n","protected":false},"author":1,"featured_media":0,"parent":0,"menu_order":0,"comment_status":"closed","ping_status":"closed","template":"","meta":{"_et_pb_use_builder":"on","_et_pb_old_content":"[et_pb_section fb_built=\"1\" _builder_version=\"4.4.7\" background_color=\"#000000\" background_image=\"https:\/\/copelectronic.com\/wp-content\/uploads\/2020\/06\/slide-histoiredate-cop.jpg\"][et_pb_row _builder_version=\"4.4.7\"][et_pb_column type=\"4_4\" _builder_version=\"4.4.7\"][et_pb_text _builder_version=\"4.4.7\" header_font=\"Anton||||||||\" header_text_color=\"#FFFFFF\" header_font_size=\"3em\" header_letter_spacing=\"4px\" header_font_size_tablet=\"\" header_font_size_phone=\"\" header_font_size_last_edited=\"on|desktop\"]\n<h1>Politique de\nconfidentialit\u00e9<\/h1>\n[\/et_pb_text][\/et_pb_column][\/et_pb_row][\/et_pb_section][et_pb_section fb_built=\"1\" module_id=\"histoire\" module_class=\"histoire-ligne\" _builder_version=\"4.4.7\" custom_margin=\"4%||||false|false\" custom_margin_tablet=\"\" custom_margin_phone=\"\" custom_margin_last_edited=\"on|phone\" custom_padding=\"0em||0em||false|false\"][et_pb_row use_custom_gutter=\"on\" gutter_width=\"1\" make_equal=\"on\" _builder_version=\"4.4.7\" width=\"100%\" custom_padding=\"0em||0em||true|false\"][et_pb_column type=\"4_4\" _builder_version=\"4.4.7\"][et_pb_text _builder_version=\"4.4.7\" text_font=\"Roboto|300|||||||\" text_text_color=\"#16303d\" text_orientation=\"justified\" width=\"80%\" module_alignment=\"center\" custom_margin=\"2em||||false|false\" hover_enabled=\"0\" text_orientation_tablet=\"\" text_orientation_phone=\"\" text_orientation_last_edited=\"on|desktop\"]\n\nCOPELECTRONIC s\u2019engage \u00e0 ce que la collecte et le traitement de vos donn\u00e9es, effectu\u00e9s \u00e0 partir du site https:\/\/www.copelectronic.com\/, soient conformes au r\u00e8glement g\u00e9n\u00e9ral sur la protection des donn\u00e9es (RGPD) et \u00e0 la loi Informatique et Libert\u00e9s.\n\nCette pr\u00e9sentation de notre politique de confidentialit\u00e9 vous informe de la mani\u00e8re dont la soci\u00e9t\u00e9 ESBH utilise et prot\u00e8ge les informations que vous nous transmettez, le cas \u00e9ch\u00e9ant, lorsque vous utilisez le pr\u00e9sent site accessible \u00e0 partir de l\u2019URL suivante : https:\/\/www.copelectronic.com\/ (ci-apr\u00e8s le \u00ab Site \u00bb).\n\n<strong>DONN\u00c9ES PERSONNELLES<\/strong>\n\nChaque formulaire ou t\u00e9l\u00e9service limite la collecte des donn\u00e9es personnelles au strict n\u00e9cessaire (minimisation des donn\u00e9es) et indique notamment :\n\nQuels sont les objectifs du recueil de ces donn\u00e9es (finalit\u00e9s) ;\nSi ces donn\u00e9es sont obligatoires ou facultatives pour la gestion de votre demande ;\nQui pourra en prendre connaissance (uniquement COPELECTRONIC en principe, sauf pr\u00e9cision dans le formulaire lorsqu\u2019une transmission \u00e0 un tiers est n\u00e9cessaire \u00e0 la gestion de votre demande) ;\nVos droits Informatique et Libert\u00e9s et la fa\u00e7on de les exercer aupr\u00e8s de la CNIL.\n\nLes donn\u00e9es personnelles recueillies dans le cadre des services propos\u00e9s sur https:\/\/www.copelectronic.com\/<a href=\"https:\/\/www.copelectronic.com\/\"><\/a> sont trait\u00e9es selon des protocoles s\u00e9curis\u00e9s et permettent \u00e0 la soci\u00e9t\u00e9 COPELECTRONIC de g\u00e9rer les demandes re\u00e7ues dans ses applications informatiques.\n\nPour toute information ou exercice de vos droits Informatique et Libert\u00e9s sur les traitements de donn\u00e9es personnelles g\u00e9r\u00e9s par la soci\u00e9t\u00e9 COPELECTRONIC vous pouvez contacter son d\u00e9l\u00e9gu\u00e9 \u00e0 la protection des donn\u00e9es (DPO) \/ son responsable des donn\u00e9es personnelles) par ce formulaire.\n\nou par courrier sign\u00e9 accompagn\u00e9 de la copie d\u2019un titre d\u2019identit\u00e9 \u00e0 l\u2019adresse suivante :\n\nCOPELECTRONIC\nCENTRE EUROP\u00c9EN DE FR\u00caT\nAvenue Bordabern\n64990 Mouguerre\nFRANCE\nTel : +33 (0)5 59 44 01 20\n\n<strong>DUR\u00c9E DE CONSERVATION<\/strong>\n\nDur\u00e9e d\u2019utilit\u00e9 administrative (DUA) applicables aux principales proc\u00e9dures g\u00e9r\u00e9es par la soci\u00e9t\u00e9 COPELECTRONIC;\n\nLa DUA couvre la dur\u00e9e de conservation en base active et en archives internes.\n\n<strong>PROC\u00c9DURE<\/strong>\n\nDUA des informations collect\u00e9es dans le cadre de la proc\u00e9dure\n\nEnvoi d\u2019un message par le formulaire de contact : 3 ans\n\n<strong>D\u00c9LAIS DE R\u00c9PONSE<\/strong>\n\nLa soci\u00e9t\u00e9 COPELECTRONIC s\u2019engage \u00e0 r\u00e9pondre \u00e0 votre demande d\u2019acc\u00e8s, de rectification ou d\u2019opposition ou toute autre demande compl\u00e9mentaire d\u2019informations dans un d\u00e9lai raisonnable qui ne saurait d\u00e9passer 1 mois \u00e0 compter de la r\u00e9ception de votre demande.\n\n[\/et_pb_text][\/et_pb_column][\/et_pb_row][\/et_pb_section]","_et_gb_content_width":"","footnotes":""},"class_list":["post-1965","page","type-page","status-publish","hentry"],"yoast_head":"<!-- This site is optimized with the Yoast SEO plugin v27.3 - https:\/\/yoast.com\/product\/yoast-seo-wordpress\/ -->\n<title>Privacy policy - Copelectronic<\/title>\n<meta name=\"robots\" content=\"index, follow, max-snippet:-1, max-image-preview:large, max-video-preview:-1\" \/>\n<link rel=\"canonical\" href=\"https:\/\/copelectronic.com\/en\/privacy-policy\/\" \/>\n<meta property=\"og:locale\" content=\"en_US\" \/>\n<meta property=\"og:type\" content=\"article\" \/>\n<meta property=\"og:title\" content=\"Privacy policy - Copelectronic\" \/>\n<meta property=\"og:description\" content=\"Politique de confidentialit\u00e9 COPELECTRONIC s\u2019engage \u00e0 ce que la collecte et le traitement de vos donn\u00e9es, effectu\u00e9s \u00e0 partir du site https:\/\/www.copelectronic.com\/, soient conformes au r\u00e8glement g\u00e9n\u00e9ral sur la protection des donn\u00e9es (RGPD) et \u00e0 la loi Informatique et Libert\u00e9s. Cette pr\u00e9sentation de notre politique de confidentialit\u00e9 vous informe de la mani\u00e8re dont la soci\u00e9t\u00e9 [&hellip;]\" \/>\n<meta property=\"og:url\" content=\"https:\/\/copelectronic.com\/en\/privacy-policy\/\" \/>\n<meta property=\"og:site_name\" content=\"Copelectronic\" \/>\n<meta property=\"article:modified_time\" content=\"2020-07-28T13:30:08+00:00\" \/>\n<meta name=\"twitter:card\" content=\"summary_large_image\" \/>\n<meta name=\"twitter:label1\" content=\"Est. reading time\" \/>\n\t<meta name=\"twitter:data1\" content=\"3 minutes\" \/>\n<script type=\"application\/ld+json\" class=\"yoast-schema-graph\">{\"@context\":\"https:\\\/\\\/schema.org\",\"@graph\":[{\"@type\":\"WebPage\",\"@id\":\"https:\\\/\\\/copelectronic.com\\\/en\\\/privacy-policy\\\/\",\"url\":\"https:\\\/\\\/copelectronic.com\\\/en\\\/privacy-policy\\\/\",\"name\":\"Privacy policy - Copelectronic\",\"isPartOf\":{\"@id\":\"https:\\\/\\\/copelectronic.com\\\/#website\"},\"datePublished\":\"2020-07-28T13:30:07+00:00\",\"dateModified\":\"2020-07-28T13:30:08+00:00\",\"breadcrumb\":{\"@id\":\"https:\\\/\\\/copelectronic.com\\\/en\\\/privacy-policy\\\/#breadcrumb\"},\"inLanguage\":\"en-US\",\"potentialAction\":[{\"@type\":\"ReadAction\",\"target\":[\"https:\\\/\\\/copelectronic.com\\\/en\\\/privacy-policy\\\/\"]}]},{\"@type\":\"BreadcrumbList\",\"@id\":\"https:\\\/\\\/copelectronic.com\\\/en\\\/privacy-policy\\\/#breadcrumb\",\"itemListElement\":[{\"@type\":\"ListItem\",\"position\":1,\"name\":\"Accueil\",\"item\":\"https:\\\/\\\/copelectronic.com\\\/en\\\/\"},{\"@type\":\"ListItem\",\"position\":2,\"name\":\"Privacy policy\"}]},{\"@type\":\"WebSite\",\"@id\":\"https:\\\/\\\/copelectronic.com\\\/#website\",\"url\":\"https:\\\/\\\/copelectronic.com\\\/\",\"name\":\"Copelectronic\",\"description\":\"Un site utilisant WordPress\",\"potentialAction\":[{\"@type\":\"SearchAction\",\"target\":{\"@type\":\"EntryPoint\",\"urlTemplate\":\"https:\\\/\\\/copelectronic.com\\\/?s={search_term_string}\"},\"query-input\":{\"@type\":\"PropertyValueSpecification\",\"valueRequired\":true,\"valueName\":\"search_term_string\"}}],\"inLanguage\":\"en-US\"}]}<\/script>\n<!-- \/ Yoast SEO plugin. -->","yoast_head_json":{"title":"Privacy policy - Copelectronic","robots":{"index":"index","follow":"follow","max-snippet":"max-snippet:-1","max-image-preview":"max-image-preview:large","max-video-preview":"max-video-preview:-1"},"canonical":"https:\/\/copelectronic.com\/en\/privacy-policy\/","og_locale":"en_US","og_type":"article","og_title":"Privacy policy - Copelectronic","og_description":"Politique de confidentialit\u00e9 COPELECTRONIC s\u2019engage \u00e0 ce que la collecte et le traitement de vos donn\u00e9es, effectu\u00e9s \u00e0 partir du site https:\/\/www.copelectronic.com\/, soient conformes au r\u00e8glement g\u00e9n\u00e9ral sur la protection des donn\u00e9es (RGPD) et \u00e0 la loi Informatique et Libert\u00e9s. Cette pr\u00e9sentation de notre politique de confidentialit\u00e9 vous informe de la mani\u00e8re dont la soci\u00e9t\u00e9 [&hellip;]","og_url":"https:\/\/copelectronic.com\/en\/privacy-policy\/","og_site_name":"Copelectronic","article_modified_time":"2020-07-28T13:30:08+00:00","twitter_card":"summary_large_image","twitter_misc":{"Est. reading time":"3 minutes"},"schema":{"@context":"https:\/\/schema.org","@graph":[{"@type":"WebPage","@id":"https:\/\/copelectronic.com\/en\/privacy-policy\/","url":"https:\/\/copelectronic.com\/en\/privacy-policy\/","name":"Privacy policy - Copelectronic","isPartOf":{"@id":"https:\/\/copelectronic.com\/#website"},"datePublished":"2020-07-28T13:30:07+00:00","dateModified":"2020-07-28T13:30:08+00:00","breadcrumb":{"@id":"https:\/\/copelectronic.com\/en\/privacy-policy\/#breadcrumb"},"inLanguage":"en-US","potentialAction":[{"@type":"ReadAction","target":["https:\/\/copelectronic.com\/en\/privacy-policy\/"]}]},{"@type":"BreadcrumbList","@id":"https:\/\/copelectronic.com\/en\/privacy-policy\/#breadcrumb","itemListElement":[{"@type":"ListItem","position":1,"name":"Accueil","item":"https:\/\/copelectronic.com\/en\/"},{"@type":"ListItem","position":2,"name":"Privacy policy"}]},{"@type":"WebSite","@id":"https:\/\/copelectronic.com\/#website","url":"https:\/\/copelectronic.com\/","name":"Copelectronic","description":"Un site utilisant WordPress","potentialAction":[{"@type":"SearchAction","target":{"@type":"EntryPoint","urlTemplate":"https:\/\/copelectronic.com\/?s={search_term_string}"},"query-input":{"@type":"PropertyValueSpecification","valueRequired":true,"valueName":"search_term_string"}}],"inLanguage":"en-US"}]}},"_links":{"self":[{"href":"https:\/\/copelectronic.com\/en\/wp-json\/wp\/v2\/pages\/1965","targetHints":{"allow":["GET"]}}],"collection":[{"href":"https:\/\/copelectronic.com\/en\/wp-json\/wp\/v2\/pages"}],"about":[{"href":"https:\/\/copelectronic.com\/en\/wp-json\/wp\/v2\/types\/page"}],"author":[{"embeddable":true,"href":"https:\/\/copelectronic.com\/en\/wp-json\/wp\/v2\/users\/1"}],"replies":[{"embeddable":true,"href":"https:\/\/copelectronic.com\/en\/wp-json\/wp\/v2\/comments?post=1965"}],"version-history":[{"count":2,"href":"https:\/\/copelectronic.com\/en\/wp-json\/wp\/v2\/pages\/1965\/revisions"}],"predecessor-version":[{"id":1968,"href":"https:\/\/copelectronic.com\/en\/wp-json\/wp\/v2\/pages\/1965\/revisions\/1968"}],"wp:attachment":[{"href":"https:\/\/copelectronic.com\/en\/wp-json\/wp\/v2\/media?parent=1965"}],"curies":[{"name":"wp","href":"https:\/\/api.w.org\/{rel}","templated":true}]}}